{"id":36,"date":"2018-07-27T18:35:43","date_gmt":"2018-07-27T18:35:43","guid":{"rendered":"https:\/\/caracoles.com.uy\/newsite\/?page_id=36"},"modified":"2022-05-25T09:40:57","modified_gmt":"2022-05-25T12:40:57","slug":"inicio","status":"publish","type":"page","link":"https:\/\/caracoles.uy\/pt\/","title":{"rendered":"Inicio"},"content":{"rendered":"\t\t<div data-elementor-type=\"wp-page\" data-elementor-id=\"36\" class=\"elementor elementor-36\" data-elementor-post-type=\"page\">\n\t\t\t\t\t\t<section class=\"elementor-section elementor-top-section elementor-element elementor-element-2e9a59ed elementor-section-content-middle elementor-section-full_width elementor-section-height-min-height elementor-section-height-default elementor-section-items-middle\" data-id=\"2e9a59ed\" data-element_type=\"section\" data-settings=\"{&quot;background_background&quot;:&quot;classic&quot;}\">\n\t\t\t\t\t\t\t<div class=\"elementor-background-overlay\"><\/div>\n\t\t\t\t\t\t\t<div class=\"elementor-container elementor-column-gap-default\">\n\t\t\t\t\t<div class=\"elementor-column elementor-col-66 elementor-top-column elementor-element elementor-element-22046e6e\" data-id=\"22046e6e\" data-element_type=\"column\">\n\t\t\t<div class=\"elementor-widget-wrap elementor-element-populated\">\n\t\t\t\t\t\t<div class=\"elementor-element elementor-element-66ff4a57 elementor-invisible elementor-widget elementor-widget-heading\" data-id=\"66ff4a57\" data-element_type=\"widget\" data-settings=\"{&quot;_animation&quot;:&quot;fadeIn&quot;}\" data-widget_type=\"heading.default\">\n\t\t\t\t<div class=\"elementor-widget-container\">\n\t\t\t\t\t<p class=\"elementor-heading-title elementor-size-default\">DESFRUTE MAIS<\/p>\t\t\t\t<\/div>\n\t\t\t\t<\/div>\n\t\t\t\t<div class=\"elementor-element elementor-element-5fea54d2 animated-slow elementor-invisible elementor-widget elementor-widget-heading\" data-id=\"5fea54d2\" data-element_type=\"widget\" data-settings=\"{&quot;_animation&quot;:&quot;fadeIn&quot;}\" data-widget_type=\"heading.default\">\n\t\t\t\t<div class=\"elementor-widget-container\">\n\t\t\t\t\t<p class=\"elementor-heading-title elementor-size-default\">VIVER MELHOR<\/p>\t\t\t\t<\/div>\n\t\t\t\t<\/div>\n\t\t\t\t\t<\/div>\n\t\t<\/div>\n\t\t\t\t<div class=\"elementor-column elementor-col-33 elementor-top-column elementor-element elementor-element-567e58f5 elementor-invisible\" data-id=\"567e58f5\" data-element_type=\"column\" data-settings=\"{&quot;animation&quot;:&quot;fadeIn&quot;}\">\n\t\t\t<div class=\"elementor-widget-wrap elementor-element-populated\">\n\t\t\t\t\t\t<div class=\"elementor-element elementor-element-a83d418 elementor-widget__width-initial elementor-widget elementor-widget-shortcode\" data-id=\"a83d418\" data-element_type=\"widget\" data-widget_type=\"shortcode.default\">\n\t\t\t\t<div class=\"elementor-widget-container\">\n\t\t\t\t\t\t\t<div class=\"elementor-shortcode\"><div class=\"pipedriveWebForms\" data-pd-webforms=\"https:\/\/webforms.pipedrive.com\/f\/1r5wZpabj5UuzVbcp9b7p5zluPLIu4rOHrQthl6seI2VO2JZO27Y9ghThIYclvPnZ\"><script src=\"https:\/\/webforms.pipedrive.com\/f\/loader\"><\/script><\/div><\/div>\n\t\t\t\t\t\t<\/div>\n\t\t\t\t<\/div>\n\t\t\t\t<div class=\"elementor-element elementor-element-bb9d833 elementor-widget__width-initial elementor-hidden-desktop elementor-hidden-tablet elementor-hidden-mobile elementor-widget elementor-widget-shortcode\" data-id=\"bb9d833\" data-element_type=\"widget\" data-widget_type=\"shortcode.default\">\n\t\t\t\t<div class=\"elementor-widget-container\">\n\t\t\t\t\t\t\t<div class=\"elementor-shortcode\">\n<div class=\"wpcf7 no-js\" id=\"wpcf7-f2498-o1\" lang=\"pt-BR\" dir=\"ltr\" data-wpcf7-id=\"2498\">\n<div class=\"screen-reader-response\"><p role=\"status\" aria-live=\"polite\" aria-atomic=\"true\"><\/p> <ul><\/ul><\/div>\n<form action=\"\/pt\/wp-json\/wp\/v2\/pages\/36#wpcf7-f2498-o1\" method=\"post\" class=\"wpcf7-form init\" aria-label=\"Formul\u00e1rios de contato\" novalidate=\"novalidate\" data-status=\"init\">\n<div style=\"display: none;\">\n<input type=\"hidden\" name=\"_wpcf7\" value=\"2498\" \/>\n<input type=\"hidden\" name=\"_wpcf7_version\" value=\"6.0.6\" \/>\n<input type=\"hidden\" name=\"_wpcf7_locale\" value=\"pt_BR\" \/>\n<input type=\"hidden\" name=\"_wpcf7_unit_tag\" value=\"wpcf7-f2498-o1\" \/>\n<input type=\"hidden\" name=\"_wpcf7_container_post\" value=\"0\" \/>\n<input type=\"hidden\" name=\"_wpcf7_posted_data_hash\" value=\"\" \/>\n<\/div>\n<p class=\"titulo-formulario\"><br \/>\nN\u00f3s chamamos-lhe\n<\/p>\n<p class=\"formulario1\"><br \/>\n<span class=\"wpcf7-form-control-wrap\" data-name=\"tu-nombre\"><input size=\"40\" maxlength=\"400\" class=\"wpcf7-form-control wpcf7-text wpcf7-validates-as-required\" aria-required=\"true\" aria-invalid=\"false\" placeholder=\"Nome e Apelido\" value=\"\" type=\"text\" name=\"tu-nombre\" \/><\/span><br \/>\n<span class=\"wpcf7-form-control-wrap\" data-name=\"tu-telefono\"><input size=\"40\" maxlength=\"400\" class=\"wpcf7-form-control wpcf7-text wpcf7-validates-as-required\" aria-required=\"true\" aria-invalid=\"false\" placeholder=\"Telefone\" value=\"\" type=\"text\" name=\"tu-telefono\" \/><\/span><br \/>\n<span class=\"wpcf7-form-control-wrap\" data-name=\"tu-email\"><input size=\"40\" maxlength=\"400\" class=\"wpcf7-form-control wpcf7-email wpcf7-validates-as-required wpcf7-text wpcf7-validates-as-email\" aria-required=\"true\" aria-invalid=\"false\" placeholder=\"Email\" value=\"\" type=\"email\" name=\"tu-email\" \/><\/span><br \/>\n<span class=\"wpcf7-form-control-wrap\" data-name=\"tu-consulta\"><textarea cols=\"40\" rows=\"10\" maxlength=\"2000\" class=\"wpcf7-form-control wpcf7-textarea wpcf7-validates-as-required\" aria-required=\"true\" aria-invalid=\"false\" placeholder=\"Escreva a sua consulta\" name=\"tu-consulta\"><\/textarea><\/span><br \/>\n<input class=\"wpcf7-form-control wpcf7-submit has-spinner\" type=\"submit\" value=\"Enviar\" \/>\n<\/p><div class=\"wpcf7-response-output\" aria-hidden=\"true\"><\/div>\n<\/form>\n<\/div>\n<\/div>\n\t\t\t\t\t\t<\/div>\n\t\t\t\t<\/div>\n\t\t\t\t\t<\/div>\n\t\t<\/div>\n\t\t\t\t\t<\/div>\n\t\t<\/section>\n\t\t\t\t<\/div>\n\t\t","protected":false},"excerpt":{"rendered":"<p>DESFRUTE MAIS VIVER MELHOR<\/p>\n","protected":false},"author":1,"featured_media":0,"parent":0,"menu_order":0,"comment_status":"closed","ping_status":"closed","template":"template-home.php","meta":{"_monsterinsights_skip_tracking":false,"_monsterinsights_sitenote_active":false,"_monsterinsights_sitenote_note":"","_monsterinsights_sitenote_category":0,"footnotes":""},"class_list":["post-36","page","type-page","status-publish","hentry"],"yoast_head":"<!-- This site is optimized with the Yoast SEO plugin v26.9 - https:\/\/yoast.com\/product\/yoast-seo-wordpress\/ -->\n<title>Caracoles - Tu hogar en el este | Inicio | Venta de Casas y Departamentos<\/title>\n<meta name=\"description\" content=\"O mais novo lugar para viver, desfrutar e trabalhar. Caracoles e a primeira urbaniza\u00e7\u00e3o estilo cidade jardim no Uruguai. Priorizando o bem-estar dos seus residentes, Caracoles foi pensado para uma vida associada \u00e0 natureza, a brincar na rua e a tranquilidade de viver de portas abertas, complementado com modernos e flex\u00edveis espa\u00e7os de trabalho, compras, entretenimento e lazer de primeiro n\u00edvel. Ventas (+598) 29240033 ventas@caracoles.com.uy\" \/>\n<meta name=\"robots\" content=\"index, follow, max-snippet:-1, max-image-preview:large, max-video-preview:-1\" \/>\n<link rel=\"canonical\" href=\"https:\/\/caracoles.uy\/pt\/\" \/>\n<meta property=\"og:locale\" content=\"pt_BR\" \/>\n<meta property=\"og:type\" content=\"article\" \/>\n<meta property=\"og:title\" content=\"Caracoles - Tu hogar en el este | Inicio | Venta de Casas y Departamentos\" \/>\n<meta property=\"og:description\" content=\"O mais novo lugar para viver, desfrutar e trabalhar. Caracoles e a primeira urbaniza\u00e7\u00e3o estilo cidade jardim no Uruguai. Priorizando o bem-estar dos seus residentes, Caracoles foi pensado para uma vida associada \u00e0 natureza, a brincar na rua e a tranquilidade de viver de portas abertas, complementado com modernos e flex\u00edveis espa\u00e7os de trabalho, compras, entretenimento e lazer de primeiro n\u00edvel. Ventas (+598) 29240033 ventas@caracoles.com.uy\" \/>\n<meta property=\"og:url\" content=\"https:\/\/caracoles.uy\/pt\/\" \/>\n<meta property=\"og:site_name\" content=\"Caracoles\" \/>\n<meta property=\"article:publisher\" content=\"https:\/\/www.facebook.com\/CaracolesPunta\/\" \/>\n<meta property=\"article:modified_time\" content=\"2022-05-25T12:40:57+00:00\" \/>\n<meta property=\"og:image\" content=\"https:\/\/caracoles.uy\/pt\/wp-content\/uploads\/2019\/01\/fb_share.jpg\" \/>\n\t<meta property=\"og:image:width\" content=\"1200\" \/>\n\t<meta property=\"og:image:height\" content=\"630\" \/>\n\t<meta property=\"og:image:type\" content=\"image\/jpeg\" \/>\n<meta name=\"twitter:card\" content=\"summary_large_image\" \/>\n<script type=\"application\/ld+json\" class=\"yoast-schema-graph\">{\"@context\":\"https:\/\/schema.org\",\"@graph\":[{\"@type\":\"WebPage\",\"@id\":\"https:\/\/caracoles.uy\/pt\/\",\"url\":\"https:\/\/caracoles.uy\/pt\/\",\"name\":\"Caracoles - Tu hogar en el este | Inicio | Venta de Casas y Departamentos\",\"isPartOf\":{\"@id\":\"https:\/\/caracoles.uy\/pt\/#website\"},\"datePublished\":\"2018-07-27T18:35:43+00:00\",\"dateModified\":\"2022-05-25T12:40:57+00:00\",\"description\":\"O mais novo lugar para viver, desfrutar e trabalhar. Caracoles e a primeira urbaniza\u00e7\u00e3o estilo cidade jardim no Uruguai. Priorizando o bem-estar dos seus residentes, Caracoles foi pensado para uma vida associada \u00e0 natureza, a brincar na rua e a tranquilidade de viver de portas abertas, complementado com modernos e flex\u00edveis espa\u00e7os de trabalho, compras, entretenimento e lazer de primeiro n\u00edvel. Ventas (+598) 29240033 ventas@caracoles.com.uy\",\"breadcrumb\":{\"@id\":\"https:\/\/caracoles.uy\/pt\/#breadcrumb\"},\"inLanguage\":\"pt-BR\",\"potentialAction\":[{\"@type\":\"ReadAction\",\"target\":[\"https:\/\/caracoles.uy\/pt\/\"]}]},{\"@type\":\"BreadcrumbList\",\"@id\":\"https:\/\/caracoles.uy\/pt\/#breadcrumb\",\"itemListElement\":[{\"@type\":\"ListItem\",\"position\":1,\"name\":\"Portada\",\"item\":\"https:\/\/caracoles.uy\/pt\/\"},{\"@type\":\"ListItem\",\"position\":2,\"name\":\"Inicio\"}]},{\"@type\":\"WebSite\",\"@id\":\"https:\/\/caracoles.uy\/pt\/#website\",\"url\":\"https:\/\/caracoles.uy\/pt\/\",\"name\":\"Caracoles\",\"description\":\"Tu hogar en el este\",\"potentialAction\":[{\"@type\":\"SearchAction\",\"target\":{\"@type\":\"EntryPoint\",\"urlTemplate\":\"https:\/\/caracoles.uy\/pt\/?s={search_term_string}\"},\"query-input\":{\"@type\":\"PropertyValueSpecification\",\"valueRequired\":true,\"valueName\":\"search_term_string\"}}],\"inLanguage\":\"pt-BR\"}]}<\/script>\n<!-- \/ Yoast SEO plugin. -->","yoast_head_json":{"title":"Caracoles - Tu hogar en el este | Inicio | Venta de Casas y Departamentos","description":"O mais novo lugar para viver, desfrutar e trabalhar. Caracoles e a primeira urbaniza\u00e7\u00e3o estilo cidade jardim no Uruguai. Priorizando o bem-estar dos seus residentes, Caracoles foi pensado para uma vida associada \u00e0 natureza, a brincar na rua e a tranquilidade de viver de portas abertas, complementado com modernos e flex\u00edveis espa\u00e7os de trabalho, compras, entretenimento e lazer de primeiro n\u00edvel. Ventas (+598) 29240033 ventas@caracoles.com.uy","robots":{"index":"index","follow":"follow","max-snippet":"max-snippet:-1","max-image-preview":"max-image-preview:large","max-video-preview":"max-video-preview:-1"},"canonical":"https:\/\/caracoles.uy\/pt\/","og_locale":"pt_BR","og_type":"article","og_title":"Caracoles - Tu hogar en el este | Inicio | Venta de Casas y Departamentos","og_description":"O mais novo lugar para viver, desfrutar e trabalhar. Caracoles e a primeira urbaniza\u00e7\u00e3o estilo cidade jardim no Uruguai. Priorizando o bem-estar dos seus residentes, Caracoles foi pensado para uma vida associada \u00e0 natureza, a brincar na rua e a tranquilidade de viver de portas abertas, complementado com modernos e flex\u00edveis espa\u00e7os de trabalho, compras, entretenimento e lazer de primeiro n\u00edvel. Ventas (+598) 29240033 ventas@caracoles.com.uy","og_url":"https:\/\/caracoles.uy\/pt\/","og_site_name":"Caracoles","article_publisher":"https:\/\/www.facebook.com\/CaracolesPunta\/","article_modified_time":"2022-05-25T12:40:57+00:00","og_image":[{"width":1200,"height":630,"url":"https:\/\/caracoles.uy\/pt\/wp-content\/uploads\/2019\/01\/fb_share.jpg","type":"image\/jpeg"}],"twitter_card":"summary_large_image","schema":{"@context":"https:\/\/schema.org","@graph":[{"@type":"WebPage","@id":"https:\/\/caracoles.uy\/pt\/","url":"https:\/\/caracoles.uy\/pt\/","name":"Caracoles - Tu hogar en el este | Inicio | Venta de Casas y Departamentos","isPartOf":{"@id":"https:\/\/caracoles.uy\/pt\/#website"},"datePublished":"2018-07-27T18:35:43+00:00","dateModified":"2022-05-25T12:40:57+00:00","description":"O mais novo lugar para viver, desfrutar e trabalhar. Caracoles e a primeira urbaniza\u00e7\u00e3o estilo cidade jardim no Uruguai. Priorizando o bem-estar dos seus residentes, Caracoles foi pensado para uma vida associada \u00e0 natureza, a brincar na rua e a tranquilidade de viver de portas abertas, complementado com modernos e flex\u00edveis espa\u00e7os de trabalho, compras, entretenimento e lazer de primeiro n\u00edvel. Ventas (+598) 29240033 ventas@caracoles.com.uy","breadcrumb":{"@id":"https:\/\/caracoles.uy\/pt\/#breadcrumb"},"inLanguage":"pt-BR","potentialAction":[{"@type":"ReadAction","target":["https:\/\/caracoles.uy\/pt\/"]}]},{"@type":"BreadcrumbList","@id":"https:\/\/caracoles.uy\/pt\/#breadcrumb","itemListElement":[{"@type":"ListItem","position":1,"name":"Portada","item":"https:\/\/caracoles.uy\/pt\/"},{"@type":"ListItem","position":2,"name":"Inicio"}]},{"@type":"WebSite","@id":"https:\/\/caracoles.uy\/pt\/#website","url":"https:\/\/caracoles.uy\/pt\/","name":"Caracoles","description":"Tu hogar en el este","potentialAction":[{"@type":"SearchAction","target":{"@type":"EntryPoint","urlTemplate":"https:\/\/caracoles.uy\/pt\/?s={search_term_string}"},"query-input":{"@type":"PropertyValueSpecification","valueRequired":true,"valueName":"search_term_string"}}],"inLanguage":"pt-BR"}]}},"_links":{"self":[{"href":"https:\/\/caracoles.uy\/pt\/wp-json\/wp\/v2\/pages\/36","targetHints":{"allow":["GET"]}}],"collection":[{"href":"https:\/\/caracoles.uy\/pt\/wp-json\/wp\/v2\/pages"}],"about":[{"href":"https:\/\/caracoles.uy\/pt\/wp-json\/wp\/v2\/types\/page"}],"author":[{"embeddable":true,"href":"https:\/\/caracoles.uy\/pt\/wp-json\/wp\/v2\/users\/1"}],"replies":[{"embeddable":true,"href":"https:\/\/caracoles.uy\/pt\/wp-json\/wp\/v2\/comments?post=36"}],"version-history":[{"count":43,"href":"https:\/\/caracoles.uy\/pt\/wp-json\/wp\/v2\/pages\/36\/revisions"}],"predecessor-version":[{"id":2556,"href":"https:\/\/caracoles.uy\/pt\/wp-json\/wp\/v2\/pages\/36\/revisions\/2556"}],"wp:attachment":[{"href":"https:\/\/caracoles.uy\/pt\/wp-json\/wp\/v2\/media?parent=36"}],"curies":[{"name":"wp","href":"https:\/\/api.w.org\/{rel}","templated":true}]}}