{"id":131,"date":"2018-08-21T16:47:36","date_gmt":"2018-08-21T19:47:36","guid":{"rendered":"https:\/\/caracoles.com.uy\/newsite\/?page_id=131"},"modified":"2021-06-23T14:38:18","modified_gmt":"2021-06-23T17:38:18","slug":"caracoles-towers","status":"publish","type":"page","link":"https:\/\/caracoles.uy\/pt\/caracoles-towers\/","title":{"rendered":"Caracoles Towers"},"content":{"rendered":"<div class=\"wpb-content-wrapper\"><p>[vc_row][vc_column][vc_video link=&#8221;https:\/\/www.youtube.com\/watch?v=cd9nhcNvUD8&#8243;][\/vc_column][\/vc_row]<\/p>\n<\/div>","protected":false},"excerpt":{"rendered":"<p>[vc_row][vc_column][vc_video link=&#8221;https:\/\/www.youtube.com\/watch?v=cd9nhcNvUD8&#8243;][\/vc_column][\/vc_row]<\/p>\n","protected":false},"author":1,"featured_media":0,"parent":0,"menu_order":0,"comment_status":"closed","ping_status":"closed","template":"template-towers.php","meta":{"_monsterinsights_skip_tracking":false,"_monsterinsights_sitenote_active":false,"_monsterinsights_sitenote_note":"","_monsterinsights_sitenote_category":0,"footnotes":""},"class_list":["post-131","page","type-page","status-publish","hentry"],"yoast_head":"<!-- This site is optimized with the Yoast SEO plugin v26.9 - https:\/\/yoast.com\/product\/yoast-seo-wordpress\/ -->\n<title>Caracoles Towers - Caracoles<\/title>\n<meta name=\"description\" content=\"UM LUGAR PARA VIVER MUITO BEM Towers \u00e9 um projeto desenhado para viver em Punta, independente do seu estilo de vida. Para quem pensa em ter a sua primeira resid\u00eancia em Punta del Este, n\u00e3o existe melhor op\u00e7\u00e3o que o Caracoles Towers. Viva muito bem.Ventas (+598) 29240033 ventas@caracoles.com.uy\" \/>\n<meta name=\"robots\" content=\"noindex, nofollow\" \/>\n<meta property=\"og:locale\" content=\"pt_BR\" \/>\n<meta property=\"og:type\" content=\"article\" \/>\n<meta property=\"og:title\" content=\"Caracoles Towers - Caracoles\" \/>\n<meta property=\"og:description\" content=\"UM LUGAR PARA VIVER MUITO BEM Towers \u00e9 um projeto desenhado para viver em Punta, independente do seu estilo de vida. Para quem pensa em ter a sua primeira resid\u00eancia em Punta del Este, n\u00e3o existe melhor op\u00e7\u00e3o que o Caracoles Towers. Viva muito bem.Ventas (+598) 29240033 ventas@caracoles.com.uy\" \/>\n<meta property=\"og:url\" content=\"https:\/\/caracoles.uy\/pt\/caracoles-towers\/\" \/>\n<meta property=\"og:site_name\" content=\"Caracoles\" \/>\n<meta property=\"article:publisher\" content=\"https:\/\/www.facebook.com\/CaracolesPunta\/\" \/>\n<meta property=\"article:modified_time\" content=\"2021-06-23T17:38:18+00:00\" \/>\n<meta name=\"twitter:card\" content=\"summary_large_image\" \/>\n<script type=\"application\/ld+json\" class=\"yoast-schema-graph\">{\"@context\":\"https:\/\/schema.org\",\"@graph\":[{\"@type\":\"WebPage\",\"@id\":\"https:\/\/caracoles.uy\/pt\/caracoles-towers\/\",\"url\":\"https:\/\/caracoles.uy\/pt\/caracoles-towers\/\",\"name\":\"Caracoles Towers - Caracoles\",\"isPartOf\":{\"@id\":\"https:\/\/caracoles.uy\/pt\/#website\"},\"datePublished\":\"2018-08-21T19:47:36+00:00\",\"dateModified\":\"2021-06-23T17:38:18+00:00\",\"description\":\"UM LUGAR PARA VIVER MUITO BEM Towers \u00e9 um projeto desenhado para viver em Punta, independente do seu estilo de vida. Para quem pensa em ter a sua primeira resid\u00eancia em Punta del Este, n\u00e3o existe melhor op\u00e7\u00e3o que o Caracoles Towers. Viva muito bem.Ventas (+598) 29240033 ventas@caracoles.com.uy\",\"breadcrumb\":{\"@id\":\"https:\/\/caracoles.uy\/pt\/caracoles-towers\/#breadcrumb\"},\"inLanguage\":\"pt-BR\",\"potentialAction\":[{\"@type\":\"ReadAction\",\"target\":[\"https:\/\/caracoles.uy\/pt\/caracoles-towers\/\"]}]},{\"@type\":\"BreadcrumbList\",\"@id\":\"https:\/\/caracoles.uy\/pt\/caracoles-towers\/#breadcrumb\",\"itemListElement\":[{\"@type\":\"ListItem\",\"position\":1,\"name\":\"Portada\",\"item\":\"https:\/\/caracoles.uy\/pt\/\"},{\"@type\":\"ListItem\",\"position\":2,\"name\":\"Caracoles Towers\"}]},{\"@type\":\"WebSite\",\"@id\":\"https:\/\/caracoles.uy\/pt\/#website\",\"url\":\"https:\/\/caracoles.uy\/pt\/\",\"name\":\"Caracoles\",\"description\":\"Tu hogar en el este\",\"potentialAction\":[{\"@type\":\"SearchAction\",\"target\":{\"@type\":\"EntryPoint\",\"urlTemplate\":\"https:\/\/caracoles.uy\/pt\/?s={search_term_string}\"},\"query-input\":{\"@type\":\"PropertyValueSpecification\",\"valueRequired\":true,\"valueName\":\"search_term_string\"}}],\"inLanguage\":\"pt-BR\"}]}<\/script>\n<!-- \/ Yoast SEO plugin. -->","yoast_head_json":{"title":"Caracoles Towers - Caracoles","description":"UM LUGAR PARA VIVER MUITO BEM Towers \u00e9 um projeto desenhado para viver em Punta, independente do seu estilo de vida. Para quem pensa em ter a sua primeira resid\u00eancia em Punta del Este, n\u00e3o existe melhor op\u00e7\u00e3o que o Caracoles Towers. Viva muito bem.Ventas (+598) 29240033 ventas@caracoles.com.uy","robots":{"index":"noindex","follow":"nofollow"},"og_locale":"pt_BR","og_type":"article","og_title":"Caracoles Towers - Caracoles","og_description":"UM LUGAR PARA VIVER MUITO BEM Towers \u00e9 um projeto desenhado para viver em Punta, independente do seu estilo de vida. Para quem pensa em ter a sua primeira resid\u00eancia em Punta del Este, n\u00e3o existe melhor op\u00e7\u00e3o que o Caracoles Towers. Viva muito bem.Ventas (+598) 29240033 ventas@caracoles.com.uy","og_url":"https:\/\/caracoles.uy\/pt\/caracoles-towers\/","og_site_name":"Caracoles","article_publisher":"https:\/\/www.facebook.com\/CaracolesPunta\/","article_modified_time":"2021-06-23T17:38:18+00:00","twitter_card":"summary_large_image","schema":{"@context":"https:\/\/schema.org","@graph":[{"@type":"WebPage","@id":"https:\/\/caracoles.uy\/pt\/caracoles-towers\/","url":"https:\/\/caracoles.uy\/pt\/caracoles-towers\/","name":"Caracoles Towers - Caracoles","isPartOf":{"@id":"https:\/\/caracoles.uy\/pt\/#website"},"datePublished":"2018-08-21T19:47:36+00:00","dateModified":"2021-06-23T17:38:18+00:00","description":"UM LUGAR PARA VIVER MUITO BEM Towers \u00e9 um projeto desenhado para viver em Punta, independente do seu estilo de vida. Para quem pensa em ter a sua primeira resid\u00eancia em Punta del Este, n\u00e3o existe melhor op\u00e7\u00e3o que o Caracoles Towers. Viva muito bem.Ventas (+598) 29240033 ventas@caracoles.com.uy","breadcrumb":{"@id":"https:\/\/caracoles.uy\/pt\/caracoles-towers\/#breadcrumb"},"inLanguage":"pt-BR","potentialAction":[{"@type":"ReadAction","target":["https:\/\/caracoles.uy\/pt\/caracoles-towers\/"]}]},{"@type":"BreadcrumbList","@id":"https:\/\/caracoles.uy\/pt\/caracoles-towers\/#breadcrumb","itemListElement":[{"@type":"ListItem","position":1,"name":"Portada","item":"https:\/\/caracoles.uy\/pt\/"},{"@type":"ListItem","position":2,"name":"Caracoles Towers"}]},{"@type":"WebSite","@id":"https:\/\/caracoles.uy\/pt\/#website","url":"https:\/\/caracoles.uy\/pt\/","name":"Caracoles","description":"Tu hogar en el este","potentialAction":[{"@type":"SearchAction","target":{"@type":"EntryPoint","urlTemplate":"https:\/\/caracoles.uy\/pt\/?s={search_term_string}"},"query-input":{"@type":"PropertyValueSpecification","valueRequired":true,"valueName":"search_term_string"}}],"inLanguage":"pt-BR"}]}},"_links":{"self":[{"href":"https:\/\/caracoles.uy\/pt\/wp-json\/wp\/v2\/pages\/131","targetHints":{"allow":["GET"]}}],"collection":[{"href":"https:\/\/caracoles.uy\/pt\/wp-json\/wp\/v2\/pages"}],"about":[{"href":"https:\/\/caracoles.uy\/pt\/wp-json\/wp\/v2\/types\/page"}],"author":[{"embeddable":true,"href":"https:\/\/caracoles.uy\/pt\/wp-json\/wp\/v2\/users\/1"}],"replies":[{"embeddable":true,"href":"https:\/\/caracoles.uy\/pt\/wp-json\/wp\/v2\/comments?post=131"}],"version-history":[{"count":1,"href":"https:\/\/caracoles.uy\/pt\/wp-json\/wp\/v2\/pages\/131\/revisions"}],"predecessor-version":[{"id":572,"href":"https:\/\/caracoles.uy\/pt\/wp-json\/wp\/v2\/pages\/131\/revisions\/572"}],"wp:attachment":[{"href":"https:\/\/caracoles.uy\/pt\/wp-json\/wp\/v2\/media?parent=131"}],"curies":[{"name":"wp","href":"https:\/\/api.w.org\/{rel}","templated":true}]}}